{"id":2263,"date":"2009-04-09T22:07:59","date_gmt":"2009-04-09T20:07:59","guid":{"rendered":"http:\/\/www.tour-blog.de\/?page_id=2263"},"modified":"2011-08-13T10:51:30","modified_gmt":"2011-08-13T08:51:30","slug":"wunschzettel","status":"publish","type":"page","link":"https:\/\/www.tour-blog.de\/?page_id=2263","title":{"rendered":"Wunschzettel"},"content":{"rendered":"<p>Tats\u00e4chlich gibt es immer wieder Leser, die mich darauf ansprechen, ob man mir nicht eine kleine Freude machen k\u00f6nne; allein diese Frage freut mich immer schon sehr. Hier also nun ein Link zu <a title=\"Mein Wunschzettel\" href=\"http:\/\/www.amazon.de\/registry\/wishlist\/VPNPFXLOBEUX?reveal=unpurchased&amp;filter=all&amp;sort=priority&amp;layout=standard&amp;x=8&amp;y=11&amp;tag=tourblog0c-21&amp;linkCode=xm2&amp;camp=1638\" target=\"_blank\">meinem Wunschzettel<\/a> bei einem gro\u00dfen Versender. Da gibt es genug Kleinigkeiten (ja, da stehen auch sehr teure Dinge drauf, aber die sind eher f\u00fcr mich als Ged\u00e4chtnisst\u00fctze gedacht). Und ich liebe \u00dcberraschungen :-)<\/p>\n","protected":false},"excerpt":{"rendered":"<p>Tats\u00e4chlich gibt es immer wieder Leser, die mich darauf ansprechen, ob man mir nicht eine kleine Freude machen k\u00f6nne; allein diese Frage freut mich immer schon sehr. Hier also nun ein Link zu meinem Wunschzettel bei einem gro\u00dfen Versender. Da gibt es genug Kleinigkeiten (ja, da stehen auch sehr teure Dinge drauf, aber die sind &hellip; <a href=\"https:\/\/www.tour-blog.de\/?page_id=2263\" class=\"more-link\"><span class=\"screen-reader-text\">\u201eWunschzettel\u201c<\/span> weiterlesen<\/a><\/p>\n","protected":false},"author":7,"featured_media":0,"parent":0,"menu_order":3,"comment_status":"open","ping_status":"open","template":"","meta":[],"_links":{"self":[{"href":"https:\/\/www.tour-blog.de\/index.php?rest_route=\/wp\/v2\/pages\/2263"}],"collection":[{"href":"https:\/\/www.tour-blog.de\/index.php?rest_route=\/wp\/v2\/pages"}],"about":[{"href":"https:\/\/www.tour-blog.de\/index.php?rest_route=\/wp\/v2\/types\/page"}],"author":[{"embeddable":true,"href":"https:\/\/www.tour-blog.de\/index.php?rest_route=\/wp\/v2\/users\/7"}],"replies":[{"embeddable":true,"href":"https:\/\/www.tour-blog.de\/index.php?rest_route=%2Fwp%2Fv2%2Fcomments&post=2263"}],"version-history":[{"count":0,"href":"https:\/\/www.tour-blog.de\/index.php?rest_route=\/wp\/v2\/pages\/2263\/revisions"}],"wp:attachment":[{"href":"https:\/\/www.tour-blog.de\/index.php?rest_route=%2Fwp%2Fv2%2Fmedia&parent=2263"}],"curies":[{"name":"wp","href":"https:\/\/api.w.org\/{rel}","templated":true}]}}